{"id":20856,"date":"2026-05-07T06:29:52","date_gmt":"2026-05-07T06:29:52","guid":{"rendered":"https:\/\/mymed.ee\/relvaloa-tervisetoend\/"},"modified":"2026-05-07T06:29:52","modified_gmt":"2026-05-07T06:29:52","slug":"relvaloa-tervisetoend","status":"publish","type":"page","link":"https:\/\/mymed.ee\/en\/relvaloa-tervisetoend\/","title":{"rendered":"Relvaloa terviset\u00f5end"},"content":{"rendered":"<p>[vc_row css_animation=&#8221;&#8221; row_type=&#8221;row&#8221; use_row_as_full_screen_section=&#8221;no&#8221; type=&#8221;full_width&#8221; angled_section=&#8221;no&#8221; text_align=&#8221;left&#8221; background_image_as_pattern=&#8221;without_pattern&#8221;][vc_column width=&#8221;1\/2&#8243;][vc_column_text css=&#8221;.vc_custom_1523863567842{padding-bottom: 15px !important;}&#8221;]<\/p>\n<h5>RELVALOA TERVISET\u00d5END<\/h5>\n<p>[\/vc_column_text][vc_column_text css=&#8221;.vc_custom_1528538379765{padding-bottom: 15px !important;}&#8221;]Relvaloa terviset\u00f5endi taotlemine on protsess, mis on vajalik iga\u00fchele, kes soovib omandada v\u00f5i uuendada relvaluba Eestis. Selleks, et tagada ohutu k\u00e4itlemine ja kasutamine, n\u00f5uab seadus, et taotlejad l\u00e4biksid tervisekontrolli ja esitaksid t\u00f5endi oma f\u00fc\u00fcsilise ja vaimse tervise kohta. See protsess h\u00f5lmab mitmeid samme ning t\u00e4pse teabe esitamist, et tagada relvaloa taotlemise sujuv l\u00e4bimine vastavalt kehtivatele \u00f5igusaktidele ja regulatsioonidele.[\/vc_column_text][vc_column_text css=&#8221;.vc_custom_1523863689458{padding-bottom: 15px !important;}&#8221;]Relvaloa terviset\u00f5endi taotlemise protsessis k\u00fcsitakse taotlejalt mitmesugust teavet nende f\u00fc\u00fcsilise ja vaimse tervise kohta.[\/vc_column_text][\/vc_column][vc_column width=&#8221;1\/2&#8243;][\/vc_column][\/vc_row][vc_row css_animation=&#8221;&#8221; row_type=&#8221;row&#8221; use_row_as_full_screen_section=&#8221;no&#8221; type=&#8221;full_width&#8221; angled_section=&#8221;no&#8221; text_align=&#8221;left&#8221; background_image_as_pattern=&#8221;without_pattern&#8221; css=&#8221;.vc_custom_1549294352084{margin-bottom: 5% !important;padding-top: 25px !important;}&#8221; z_index=&#8221;&#8221;][vc_column width=&#8221;1\/2&#8243; css=&#8221;.vc_custom_1523426617094{padding-bottom: 35px !important;}&#8221;][vc_column_text css=&#8221;.vc_custom_1610718137562{margin-top: 15px !important;}&#8221;]Relvaloa terviset\u00f5endit v\u00e4ljastame vaid MyMed Perearstikeskuse nimistusse kuuluvatele patsientidele.[\/vc_column_text][vc_column_text css=&#8221;.vc_custom_1523863689458{margin-top: 15px !important;}&#8221;]Vastuv\u00f5tule registreeruda saab telefonil <a style=\"color: #ff0050;\" href=\"tel:+372 640 5030\">+372 640 5030<\/a> v\u00f5i e-posti teel <a style=\"color: #ff0050;\" href=\"mailto:info@mymed.ee\">info@mymed.ee<\/a>[\/vc_column_text][\/vc_column][vc_column width=&#8221;1\/2&#8243;][\/vc_column][\/vc_row]<\/p>\n","protected":false},"excerpt":{"rendered":"<p>[vc_row css_animation=&#8221;&#8221; row_type=&#8221;row&#8221; use_row_as_full_screen_section=&#8221;no&#8221; type=&#8221;full_width&#8221; angled_section=&#8221;no&#8221; text_align=&#8221;left&#8221; background_image_as_pattern=&#8221;without_pattern&#8221;][vc_column width=&#8221;1\/2&#8243;][vc_column_text css=&#8221;.vc_custom_1523863567842{padding-bottom: 15px !important;}&#8221;] RELVALOA TERVISET\u00d5END [\/vc_column_text][vc_column_text css=&#8221;.vc_custom_1528538379765{padding-bottom: 15px !important;}&#8221;]Relvaloa terviset\u00f5endi taotlemine&#8230;<\/p>\n","protected":false},"author":7,"featured_media":0,"parent":0,"menu_order":0,"comment_status":"closed","ping_status":"closed","template":"","meta":{"_exactmetrics_skip_tracking":false,"_exactmetrics_sitenote_active":false,"_exactmetrics_sitenote_note":"","_exactmetrics_sitenote_category":0,"footnotes":""},"class_list":["post-20856","page","type-page","status-publish","hentry"],"yoast_head":"<!-- This site is optimized with the Yoast SEO plugin v26.0 - https:\/\/yoast.com\/wordpress\/plugins\/seo\/ -->\n<title>Relvaloa terviset\u00f5end | Mymed<\/title>\n<meta name=\"robots\" content=\"index, follow, max-snippet:-1, max-image-preview:large, max-video-preview:-1\" \/>\n<link rel=\"canonical\" href=\"https:\/\/mymed.ee\/en\/relvaloa-tervisetoend\/\" \/>\n<meta property=\"og:locale\" content=\"en_US\" \/>\n<meta property=\"og:type\" content=\"article\" \/>\n<meta property=\"og:title\" content=\"Relvaloa terviset\u00f5end | Mymed\" \/>\n<meta property=\"og:description\" content=\"[vc_row css_animation=&#8221;&#8221; row_type=&#8221;row&#8221; use_row_as_full_screen_section=&#8221;no&#8221; type=&#8221;full_width&#8221; angled_section=&#8221;no&#8221; text_align=&#8221;left&#8221; background_image_as_pattern=&#8221;without_pattern&#8221;][vc_column width=&#8221;1\/2&#8243;][vc_column_text css=&#8221;.vc_custom_1523863567842{padding-bottom: 15px !important;}&#8221;] RELVALOA TERVISET\u00d5END [\/vc_column_text][vc_column_text css=&#8221;.vc_custom_1528538379765{padding-bottom: 15px !important;}&#8221;]Relvaloa terviset\u00f5endi taotlemine...\" \/>\n<meta property=\"og:url\" content=\"https:\/\/mymed.ee\/en\/relvaloa-tervisetoend\/\" \/>\n<meta property=\"og:site_name\" content=\"Mymed\" \/>\n<meta property=\"article:publisher\" content=\"https:\/\/www.facebook.com\/MYMED-tervisekeskus-107165373450561\/\" \/>\n<meta name=\"twitter:card\" content=\"summary_large_image\" \/>\n<meta name=\"twitter:label1\" content=\"Est. reading time\" \/>\n\t<meta name=\"twitter:data1\" content=\"1 minute\" \/>\n<script type=\"application\/ld+json\" class=\"yoast-schema-graph\">{\"@context\":\"https:\/\/schema.org\",\"@graph\":[{\"@type\":\"WebPage\",\"@id\":\"https:\/\/mymed.ee\/en\/relvaloa-tervisetoend\/\",\"url\":\"https:\/\/mymed.ee\/en\/relvaloa-tervisetoend\/\",\"name\":\"Relvaloa terviset\u00f5end | Mymed\",\"isPartOf\":{\"@id\":\"https:\/\/mymed.ee\/#website\"},\"datePublished\":\"2026-05-07T06:29:52+00:00\",\"breadcrumb\":{\"@id\":\"https:\/\/mymed.ee\/en\/relvaloa-tervisetoend\/#breadcrumb\"},\"inLanguage\":\"en-US\",\"potentialAction\":[{\"@type\":\"ReadAction\",\"target\":[\"https:\/\/mymed.ee\/en\/relvaloa-tervisetoend\/\"]}]},{\"@type\":\"BreadcrumbList\",\"@id\":\"https:\/\/mymed.ee\/en\/relvaloa-tervisetoend\/#breadcrumb\",\"itemListElement\":[{\"@type\":\"ListItem\",\"position\":1,\"name\":\"Avaleht\",\"item\":\"https:\/\/mymed.ee\/en\/\"},{\"@type\":\"ListItem\",\"position\":2,\"name\":\"Relvaloa terviset\u00f5end\"}]},{\"@type\":\"WebSite\",\"@id\":\"https:\/\/mymed.ee\/#website\",\"url\":\"https:\/\/mymed.ee\/\",\"name\":\"Mymed\",\"description\":\"Mymed Perearstikeskus\",\"publisher\":{\"@id\":\"https:\/\/mymed.ee\/#organization\"},\"potentialAction\":[{\"@type\":\"SearchAction\",\"target\":{\"@type\":\"EntryPoint\",\"urlTemplate\":\"https:\/\/mymed.ee\/?s={search_term_string}\"},\"query-input\":{\"@type\":\"PropertyValueSpecification\",\"valueRequired\":true,\"valueName\":\"search_term_string\"}}],\"inLanguage\":\"en-US\"},{\"@type\":\"Organization\",\"@id\":\"https:\/\/mymed.ee\/#organization\",\"name\":\"MYMED tervisekeskus\",\"url\":\"https:\/\/mymed.ee\/\",\"logo\":{\"@type\":\"ImageObject\",\"inLanguage\":\"en-US\",\"@id\":\"https:\/\/mymed.ee\/#\/schema\/logo\/image\/\",\"url\":\"https:\/\/mymed.ee\/wp-content\/uploads\/2018\/03\/MYMED_roosasinine_RGB.png\",\"contentUrl\":\"https:\/\/mymed.ee\/wp-content\/uploads\/2018\/03\/MYMED_roosasinine_RGB.png\",\"width\":1010,\"height\":567,\"caption\":\"MYMED tervisekeskus\"},\"image\":{\"@id\":\"https:\/\/mymed.ee\/#\/schema\/logo\/image\/\"},\"sameAs\":[\"https:\/\/www.facebook.com\/MYMED-tervisekeskus-107165373450561\/\"]}]}<\/script>\n<!-- \/ Yoast SEO plugin. -->","yoast_head_json":{"title":"Relvaloa terviset\u00f5end | Mymed","robots":{"index":"index","follow":"follow","max-snippet":"max-snippet:-1","max-image-preview":"max-image-preview:large","max-video-preview":"max-video-preview:-1"},"canonical":"https:\/\/mymed.ee\/en\/relvaloa-tervisetoend\/","og_locale":"en_US","og_type":"article","og_title":"Relvaloa terviset\u00f5end | Mymed","og_description":"[vc_row css_animation=&#8221;&#8221; row_type=&#8221;row&#8221; use_row_as_full_screen_section=&#8221;no&#8221; type=&#8221;full_width&#8221; angled_section=&#8221;no&#8221; text_align=&#8221;left&#8221; background_image_as_pattern=&#8221;without_pattern&#8221;][vc_column width=&#8221;1\/2&#8243;][vc_column_text css=&#8221;.vc_custom_1523863567842{padding-bottom: 15px !important;}&#8221;] RELVALOA TERVISET\u00d5END [\/vc_column_text][vc_column_text css=&#8221;.vc_custom_1528538379765{padding-bottom: 15px !important;}&#8221;]Relvaloa terviset\u00f5endi taotlemine...","og_url":"https:\/\/mymed.ee\/en\/relvaloa-tervisetoend\/","og_site_name":"Mymed","article_publisher":"https:\/\/www.facebook.com\/MYMED-tervisekeskus-107165373450561\/","twitter_card":"summary_large_image","twitter_misc":{"Est. reading time":"1 minute"},"schema":{"@context":"https:\/\/schema.org","@graph":[{"@type":"WebPage","@id":"https:\/\/mymed.ee\/en\/relvaloa-tervisetoend\/","url":"https:\/\/mymed.ee\/en\/relvaloa-tervisetoend\/","name":"Relvaloa terviset\u00f5end | Mymed","isPartOf":{"@id":"https:\/\/mymed.ee\/#website"},"datePublished":"2026-05-07T06:29:52+00:00","breadcrumb":{"@id":"https:\/\/mymed.ee\/en\/relvaloa-tervisetoend\/#breadcrumb"},"inLanguage":"en-US","potentialAction":[{"@type":"ReadAction","target":["https:\/\/mymed.ee\/en\/relvaloa-tervisetoend\/"]}]},{"@type":"BreadcrumbList","@id":"https:\/\/mymed.ee\/en\/relvaloa-tervisetoend\/#breadcrumb","itemListElement":[{"@type":"ListItem","position":1,"name":"Avaleht","item":"https:\/\/mymed.ee\/en\/"},{"@type":"ListItem","position":2,"name":"Relvaloa terviset\u00f5end"}]},{"@type":"WebSite","@id":"https:\/\/mymed.ee\/#website","url":"https:\/\/mymed.ee\/","name":"Mymed","description":"Mymed Perearstikeskus","publisher":{"@id":"https:\/\/mymed.ee\/#organization"},"potentialAction":[{"@type":"SearchAction","target":{"@type":"EntryPoint","urlTemplate":"https:\/\/mymed.ee\/?s={search_term_string}"},"query-input":{"@type":"PropertyValueSpecification","valueRequired":true,"valueName":"search_term_string"}}],"inLanguage":"en-US"},{"@type":"Organization","@id":"https:\/\/mymed.ee\/#organization","name":"MYMED tervisekeskus","url":"https:\/\/mymed.ee\/","logo":{"@type":"ImageObject","inLanguage":"en-US","@id":"https:\/\/mymed.ee\/#\/schema\/logo\/image\/","url":"https:\/\/mymed.ee\/wp-content\/uploads\/2018\/03\/MYMED_roosasinine_RGB.png","contentUrl":"https:\/\/mymed.ee\/wp-content\/uploads\/2018\/03\/MYMED_roosasinine_RGB.png","width":1010,"height":567,"caption":"MYMED tervisekeskus"},"image":{"@id":"https:\/\/mymed.ee\/#\/schema\/logo\/image\/"},"sameAs":["https:\/\/www.facebook.com\/MYMED-tervisekeskus-107165373450561\/"]}]}},"_links":{"self":[{"href":"https:\/\/mymed.ee\/en\/wp-json\/wp\/v2\/pages\/20856","targetHints":{"allow":["GET"]}}],"collection":[{"href":"https:\/\/mymed.ee\/en\/wp-json\/wp\/v2\/pages"}],"about":[{"href":"https:\/\/mymed.ee\/en\/wp-json\/wp\/v2\/types\/page"}],"author":[{"embeddable":true,"href":"https:\/\/mymed.ee\/en\/wp-json\/wp\/v2\/users\/7"}],"replies":[{"embeddable":true,"href":"https:\/\/mymed.ee\/en\/wp-json\/wp\/v2\/comments?post=20856"}],"version-history":[{"count":0,"href":"https:\/\/mymed.ee\/en\/wp-json\/wp\/v2\/pages\/20856\/revisions"}],"wp:attachment":[{"href":"https:\/\/mymed.ee\/en\/wp-json\/wp\/v2\/media?parent=20856"}],"curies":[{"name":"wp","href":"https:\/\/api.w.org\/{rel}","templated":true}]}}