{"id":20837,"date":"2026-05-06T14:21:41","date_gmt":"2026-05-06T14:21:41","guid":{"rendered":"https:\/\/mymed.ee\/vaimse-tervise-oe-vastuvott\/"},"modified":"2026-05-06T18:12:00","modified_gmt":"2026-05-06T18:12:00","slug":"vaimse-tervise-oe-vastuvott","status":"publish","type":"page","link":"https:\/\/mymed.ee\/ru\/vaimse-tervise-oe-vastuvott\/","title":{"rendered":"Vaimse tervise \u00f5e vastuv\u00f5tt"},"content":{"rendered":"<p>[vc_row css_animation=&#187;&#187; row_type=&#187;row&#187; use_row_as_full_screen_section=&#187;no&#187; type=&#187;full_width&#187; angled_section=&#187;no&#187; text_align=&#187;left&#187; background_image_as_pattern=&#187;without_pattern&#187;][vc_column width=&#187;1\/2&#8243;][vc_column_text css=&#187;.vc_custom_1605522794368{padding-bottom: 35px !important;}&#187;]<\/p>\n<h5>VAIMSE TERVISE TEENUSED<\/h5>\n<p>[\/vc_column_text][vc_column_text css=&#187;.vc_custom_1776940818792{padding-bottom: 15px !important;}&#187;]Vaimse tervise n\u00f5ustamine on suunatud isikutele, kes soovivad saada selgust oma mentaalse tervise osas ning saada professionaalset tuge emotsionaalsete raskuste ja igap\u00e4evaeluga toimetulekul. N\u00f5ustamist viib l\u00e4bi vaimse tervise \u00f5de Allan Kari.[\/vc_column_text][\/vc_column][vc_column width=&#187;1\/2&#8243;][\/vc_column][\/vc_row][vc_row css_animation=&#187;&#187; row_type=&#187;row&#187; use_row_as_full_screen_section=&#187;no&#187; type=&#187;full_width&#187; angled_section=&#187;no&#187; text_align=&#187;left&#187; background_image_as_pattern=&#187;without_pattern&#187; z_index=&#187;&#187;][vc_column width=&#187;1\/2&#8243;][vc_column_text css=&#187;.vc_custom_1778068528528{padding-top: 35px !important;padding-bottom: 15px !important;}&#187;]<br \/>\n&nbsp;<br \/>\n[\/vc_column_text]<div class=\"q_icon_list\"><i class=\"qode_icon_font_awesome fa fa-check qode-ili-icon-holder transparent\" style=\"color: #ff0050;\" ><\/i><p style=\"color:#494949;\">Flow depressiooniravi seadme protseduur<\/p><\/div>[\/vc_column][vc_column width=&#187;1\/2&#8243;][\/vc_column][\/vc_row]<\/p>\n","protected":false},"excerpt":{"rendered":"<p>[vc_row css_animation=&#187;&#187; row_type=&#187;row&#187; use_row_as_full_screen_section=&#187;no&#187; type=&#187;full_width&#187; angled_section=&#187;no&#187; text_align=&#187;left&#187; background_image_as_pattern=&#187;without_pattern&#187;][vc_column width=&#187;1\/2&#8243;][vc_column_text css=&#187;.vc_custom_1605522794368{padding-bottom: 35px !important;}&#187;] VAIMSE TERVISE TEENUSED [\/vc_column_text][vc_column_text css=&#187;.vc_custom_1776940818792{padding-bottom: 15px !important;}&#187;]Vaimse tervise&#8230;<\/p>\n","protected":false},"author":7,"featured_media":0,"parent":0,"menu_order":0,"comment_status":"closed","ping_status":"closed","template":"","meta":{"_exactmetrics_skip_tracking":false,"_exactmetrics_sitenote_active":false,"_exactmetrics_sitenote_note":"","_exactmetrics_sitenote_category":0,"footnotes":""},"class_list":["post-20837","page","type-page","status-publish","hentry"],"yoast_head":"<!-- This site is optimized with the Yoast SEO plugin v26.0 - https:\/\/yoast.com\/wordpress\/plugins\/seo\/ -->\n<title>Vaimse tervise \u00f5e vastuv\u00f5tt | Mymed<\/title>\n<meta name=\"robots\" content=\"index, follow, max-snippet:-1, max-image-preview:large, max-video-preview:-1\" \/>\n<link rel=\"canonical\" href=\"https:\/\/mymed.ee\/ru\/vaimse-tervise-oe-vastuvott\/\" \/>\n<meta property=\"og:locale\" content=\"ru_RU\" \/>\n<meta property=\"og:type\" content=\"article\" \/>\n<meta property=\"og:title\" content=\"Vaimse tervise \u00f5e vastuv\u00f5tt | Mymed\" \/>\n<meta property=\"og:description\" content=\"[vc_row css_animation=&#187;&#187; row_type=&#187;row&#187; use_row_as_full_screen_section=&#187;no&#187; type=&#187;full_width&#187; angled_section=&#187;no&#187; text_align=&#187;left&#187; background_image_as_pattern=&#187;without_pattern&#187;][vc_column width=&#187;1\/2&#8243;][vc_column_text css=&#187;.vc_custom_1605522794368{padding-bottom: 35px !important;}&#187;] VAIMSE TERVISE TEENUSED [\/vc_column_text][vc_column_text css=&#187;.vc_custom_1776940818792{padding-bottom: 15px !important;}&#187;]Vaimse tervise...\" \/>\n<meta property=\"og:url\" content=\"https:\/\/mymed.ee\/ru\/vaimse-tervise-oe-vastuvott\/\" \/>\n<meta property=\"og:site_name\" content=\"Mymed\" \/>\n<meta property=\"article:publisher\" content=\"https:\/\/www.facebook.com\/MYMED-tervisekeskus-107165373450561\/\" \/>\n<meta property=\"article:modified_time\" content=\"2026-05-06T18:12:00+00:00\" \/>\n<meta name=\"twitter:card\" content=\"summary_large_image\" \/>\n<meta name=\"twitter:label1\" content=\"\u041f\u0440\u0438\u043c\u0435\u0440\u043d\u043e\u0435 \u0432\u0440\u0435\u043c\u044f \u0434\u043b\u044f \u0447\u0442\u0435\u043d\u0438\u044f\" \/>\n\t<meta name=\"twitter:data1\" content=\"1 \u043c\u0438\u043d\u0443\u0442\u0430\" \/>\n<script type=\"application\/ld+json\" class=\"yoast-schema-graph\">{\"@context\":\"https:\/\/schema.org\",\"@graph\":[{\"@type\":\"WebPage\",\"@id\":\"https:\/\/mymed.ee\/ru\/vaimse-tervise-oe-vastuvott\/\",\"url\":\"https:\/\/mymed.ee\/ru\/vaimse-tervise-oe-vastuvott\/\",\"name\":\"Vaimse tervise \u00f5e vastuv\u00f5tt | Mymed\",\"isPartOf\":{\"@id\":\"https:\/\/mymed.ee\/#website\"},\"datePublished\":\"2026-05-06T14:21:41+00:00\",\"dateModified\":\"2026-05-06T18:12:00+00:00\",\"breadcrumb\":{\"@id\":\"https:\/\/mymed.ee\/ru\/vaimse-tervise-oe-vastuvott\/#breadcrumb\"},\"inLanguage\":\"ru-RU\",\"potentialAction\":[{\"@type\":\"ReadAction\",\"target\":[\"https:\/\/mymed.ee\/ru\/vaimse-tervise-oe-vastuvott\/\"]}]},{\"@type\":\"BreadcrumbList\",\"@id\":\"https:\/\/mymed.ee\/ru\/vaimse-tervise-oe-vastuvott\/#breadcrumb\",\"itemListElement\":[{\"@type\":\"ListItem\",\"position\":1,\"name\":\"Avaleht\",\"item\":\"https:\/\/mymed.ee\/ru\/\"},{\"@type\":\"ListItem\",\"position\":2,\"name\":\"Vaimse tervise \u00f5e vastuv\u00f5tt\"}]},{\"@type\":\"WebSite\",\"@id\":\"https:\/\/mymed.ee\/#website\",\"url\":\"https:\/\/mymed.ee\/\",\"name\":\"Mymed\",\"description\":\"Mymed Perearstikeskus\",\"publisher\":{\"@id\":\"https:\/\/mymed.ee\/#organization\"},\"potentialAction\":[{\"@type\":\"SearchAction\",\"target\":{\"@type\":\"EntryPoint\",\"urlTemplate\":\"https:\/\/mymed.ee\/?s={search_term_string}\"},\"query-input\":{\"@type\":\"PropertyValueSpecification\",\"valueRequired\":true,\"valueName\":\"search_term_string\"}}],\"inLanguage\":\"ru-RU\"},{\"@type\":\"Organization\",\"@id\":\"https:\/\/mymed.ee\/#organization\",\"name\":\"MYMED tervisekeskus\",\"url\":\"https:\/\/mymed.ee\/\",\"logo\":{\"@type\":\"ImageObject\",\"inLanguage\":\"ru-RU\",\"@id\":\"https:\/\/mymed.ee\/#\/schema\/logo\/image\/\",\"url\":\"https:\/\/mymed.ee\/wp-content\/uploads\/2018\/03\/MYMED_roosasinine_RGB.png\",\"contentUrl\":\"https:\/\/mymed.ee\/wp-content\/uploads\/2018\/03\/MYMED_roosasinine_RGB.png\",\"width\":1010,\"height\":567,\"caption\":\"MYMED tervisekeskus\"},\"image\":{\"@id\":\"https:\/\/mymed.ee\/#\/schema\/logo\/image\/\"},\"sameAs\":[\"https:\/\/www.facebook.com\/MYMED-tervisekeskus-107165373450561\/\"]}]}<\/script>\n<!-- \/ Yoast SEO plugin. -->","yoast_head_json":{"title":"Vaimse tervise \u00f5e vastuv\u00f5tt | Mymed","robots":{"index":"index","follow":"follow","max-snippet":"max-snippet:-1","max-image-preview":"max-image-preview:large","max-video-preview":"max-video-preview:-1"},"canonical":"https:\/\/mymed.ee\/ru\/vaimse-tervise-oe-vastuvott\/","og_locale":"ru_RU","og_type":"article","og_title":"Vaimse tervise \u00f5e vastuv\u00f5tt | Mymed","og_description":"[vc_row css_animation=&#187;&#187; row_type=&#187;row&#187; use_row_as_full_screen_section=&#187;no&#187; type=&#187;full_width&#187; angled_section=&#187;no&#187; text_align=&#187;left&#187; background_image_as_pattern=&#187;without_pattern&#187;][vc_column width=&#187;1\/2&#8243;][vc_column_text css=&#187;.vc_custom_1605522794368{padding-bottom: 35px !important;}&#187;] VAIMSE TERVISE TEENUSED [\/vc_column_text][vc_column_text css=&#187;.vc_custom_1776940818792{padding-bottom: 15px !important;}&#187;]Vaimse tervise...","og_url":"https:\/\/mymed.ee\/ru\/vaimse-tervise-oe-vastuvott\/","og_site_name":"Mymed","article_publisher":"https:\/\/www.facebook.com\/MYMED-tervisekeskus-107165373450561\/","article_modified_time":"2026-05-06T18:12:00+00:00","twitter_card":"summary_large_image","twitter_misc":{"\u041f\u0440\u0438\u043c\u0435\u0440\u043d\u043e\u0435 \u0432\u0440\u0435\u043c\u044f \u0434\u043b\u044f \u0447\u0442\u0435\u043d\u0438\u044f":"1 \u043c\u0438\u043d\u0443\u0442\u0430"},"schema":{"@context":"https:\/\/schema.org","@graph":[{"@type":"WebPage","@id":"https:\/\/mymed.ee\/ru\/vaimse-tervise-oe-vastuvott\/","url":"https:\/\/mymed.ee\/ru\/vaimse-tervise-oe-vastuvott\/","name":"Vaimse tervise \u00f5e vastuv\u00f5tt | Mymed","isPartOf":{"@id":"https:\/\/mymed.ee\/#website"},"datePublished":"2026-05-06T14:21:41+00:00","dateModified":"2026-05-06T18:12:00+00:00","breadcrumb":{"@id":"https:\/\/mymed.ee\/ru\/vaimse-tervise-oe-vastuvott\/#breadcrumb"},"inLanguage":"ru-RU","potentialAction":[{"@type":"ReadAction","target":["https:\/\/mymed.ee\/ru\/vaimse-tervise-oe-vastuvott\/"]}]},{"@type":"BreadcrumbList","@id":"https:\/\/mymed.ee\/ru\/vaimse-tervise-oe-vastuvott\/#breadcrumb","itemListElement":[{"@type":"ListItem","position":1,"name":"Avaleht","item":"https:\/\/mymed.ee\/ru\/"},{"@type":"ListItem","position":2,"name":"Vaimse tervise \u00f5e vastuv\u00f5tt"}]},{"@type":"WebSite","@id":"https:\/\/mymed.ee\/#website","url":"https:\/\/mymed.ee\/","name":"Mymed","description":"Mymed Perearstikeskus","publisher":{"@id":"https:\/\/mymed.ee\/#organization"},"potentialAction":[{"@type":"SearchAction","target":{"@type":"EntryPoint","urlTemplate":"https:\/\/mymed.ee\/?s={search_term_string}"},"query-input":{"@type":"PropertyValueSpecification","valueRequired":true,"valueName":"search_term_string"}}],"inLanguage":"ru-RU"},{"@type":"Organization","@id":"https:\/\/mymed.ee\/#organization","name":"MYMED tervisekeskus","url":"https:\/\/mymed.ee\/","logo":{"@type":"ImageObject","inLanguage":"ru-RU","@id":"https:\/\/mymed.ee\/#\/schema\/logo\/image\/","url":"https:\/\/mymed.ee\/wp-content\/uploads\/2018\/03\/MYMED_roosasinine_RGB.png","contentUrl":"https:\/\/mymed.ee\/wp-content\/uploads\/2018\/03\/MYMED_roosasinine_RGB.png","width":1010,"height":567,"caption":"MYMED tervisekeskus"},"image":{"@id":"https:\/\/mymed.ee\/#\/schema\/logo\/image\/"},"sameAs":["https:\/\/www.facebook.com\/MYMED-tervisekeskus-107165373450561\/"]}]}},"_links":{"self":[{"href":"https:\/\/mymed.ee\/ru\/wp-json\/wp\/v2\/pages\/20837","targetHints":{"allow":["GET"]}}],"collection":[{"href":"https:\/\/mymed.ee\/ru\/wp-json\/wp\/v2\/pages"}],"about":[{"href":"https:\/\/mymed.ee\/ru\/wp-json\/wp\/v2\/types\/page"}],"author":[{"embeddable":true,"href":"https:\/\/mymed.ee\/ru\/wp-json\/wp\/v2\/users\/7"}],"replies":[{"embeddable":true,"href":"https:\/\/mymed.ee\/ru\/wp-json\/wp\/v2\/comments?post=20837"}],"version-history":[{"count":4,"href":"https:\/\/mymed.ee\/ru\/wp-json\/wp\/v2\/pages\/20837\/revisions"}],"predecessor-version":[{"id":20848,"href":"https:\/\/mymed.ee\/ru\/wp-json\/wp\/v2\/pages\/20837\/revisions\/20848"}],"wp:attachment":[{"href":"https:\/\/mymed.ee\/ru\/wp-json\/wp\/v2\/media?parent=20837"}],"curies":[{"name":"wp","href":"https:\/\/api.w.org\/{rel}","templated":true}]}}